{"id":46,"date":"2023-08-07T13:50:06","date_gmt":"2023-08-07T13:50:06","guid":{"rendered":"https:\/\/smartax.dropletthemes.com\/pricing-plans\/"},"modified":"2024-07-04T10:44:07","modified_gmt":"2024-07-04T08:44:07","slug":"vorsorge","status":"publish","type":"page","link":"https:\/\/maskus-finanzmanufaktur.de\/Finanzen\/vorsorge\/","title":{"rendered":"Vorsorge"},"content":{"rendered":"\t\t<div data-elementor-type=\"wp-page\" data-elementor-id=\"46\" class=\"elementor elementor-46\">\n\t\t\t\t<div class=\"elementor-element elementor-element-f0e442e e-flex e-con-boxed e-con e-parent\" data-id=\"f0e442e\" data-element_type=\"container\" data-e-type=\"container\">\n\t\t\t\t\t<div class=\"e-con-inner\">\n\t\t\t\t<div class=\"elementor-element elementor-element-e7ab393 elementor-widget elementor-widget-spacer\" data-id=\"e7ab393\" data-element_type=\"widget\" data-e-type=\"widget\" data-widget_type=\"spacer.default\">\n\t\t\t\t<div class=\"elementor-widget-container\">\n\t\t\t\t\t\t\t<div class=\"elementor-spacer\">\n\t\t\t<div class=\"elementor-spacer-inner\"><\/div>\n\t\t<\/div>\n\t\t\t\t\t\t<\/div>\n\t\t\t\t<\/div>\n\t\t\t\t<div class=\"elementor-element elementor-element-5317793 elementor-widget elementor-widget-heading\" data-id=\"5317793\" data-element_type=\"widget\" data-e-type=\"widget\" data-widget_type=\"heading.default\">\n\t\t\t\t<div class=\"elementor-widget-container\">\n\t\t\t\t\t<h2 class=\"elementor-heading-title elementor-size-default\">Vorsorge<\/h2>\t\t\t\t<\/div>\n\t\t\t\t<\/div>\n\t\t\t\t\t<\/div>\n\t\t\t\t<\/div>\n\t\t<div class=\"elementor-element elementor-element-9ba9549 e-flex e-con-boxed e-con e-parent\" data-id=\"9ba9549\" data-element_type=\"container\" data-e-type=\"container\">\n\t\t\t\t\t<div class=\"e-con-inner\">\n\t\t\t\t<div class=\"elementor-element elementor-element-fcfafd1 elementor-widget elementor-widget-text-editor\" data-id=\"fcfafd1\" data-element_type=\"widget\" data-e-type=\"widget\" data-widget_type=\"text-editor.default\">\n\t\t\t\t<div class=\"elementor-widget-container\">\n\t\t\t\t\t\t\t\t\t<p><span style=\"color: #404040;\"><span style=\"font-family: Arial, serif;\"><span style=\"font-size: large;\">Die gesetzliche Rente allein wird im Alter nicht mehr reichen. Ich biete meinen Kundinnen und Kunden ein individuelles Beratungsgespr\u00e4ch an, in dem ich sie \u00fcber die verschiedenen M\u00f6glichkeiten der Altersvorsorge informiere. Eigenvorsorge ist heute ein unverzichtbarer Baustein in der Vorsorge. Er erm\u00f6glicht Ihnen Ihren gewohnten Lebensstandard im Rentenalter zu halten. Nehmen Sie sich die Zeit f\u00fcr eine individuale Ruhestandplanung, damit Sie entspannt Ihren wohlverdienten Ruhestand genie\u00dfen k\u00f6nnen.<\/span><\/span><\/span><\/p>\t\t\t\t\t\t\t\t<\/div>\n\t\t\t\t<\/div>\n\t\t\t\t<div class=\"elementor-element elementor-element-fbfdfdf elementor-widget elementor-widget-spacer\" data-id=\"fbfdfdf\" data-element_type=\"widget\" data-e-type=\"widget\" data-widget_type=\"spacer.default\">\n\t\t\t\t<div class=\"elementor-widget-container\">\n\t\t\t\t\t\t\t<div class=\"elementor-spacer\">\n\t\t\t<div class=\"elementor-spacer-inner\"><\/div>\n\t\t<\/div>\n\t\t\t\t\t\t<\/div>\n\t\t\t\t<\/div>\n\t\t\t\t\t<\/div>\n\t\t\t\t<\/div>\n\t\t<div class=\"elementor-element elementor-element-769dfb2 e-grid e-con-boxed e-con e-parent\" data-id=\"769dfb2\" data-element_type=\"container\" data-e-type=\"container\">\n\t\t\t\t\t<div class=\"e-con-inner\">\n\t\t\t\t<div class=\"elementor-element elementor-element-55ba0c5 droplet-flip-box-effect-flip droplet-flip-box-direction-left droplet-flip-box-3d-no elementor-widget elementor-widget-droplet_flip_box\" data-id=\"55ba0c5\" data-element_type=\"widget\" data-e-type=\"widget\" data-widget_type=\"droplet_flip_box.default\">\n\t\t\t\t<div class=\"elementor-widget-container\">\n\t\t\t\t\t\n\t\t<div class=\"droplet-flip-box\">\n\t\t\t<!-- Front Side -->\n\t\t\t<div class=\"droplet-flip-box-layer droplet-flip-box-front\">\n\t\t\t\t<div class=\"droplet-flip-box-layer-overlay\">\n\t\t\t\t\t<div class=\"droplet-flip-box-layer-inner\">\n\n\t\t\t\t\t\t\n\t\t\t\t\t\t\n\t\t\t\t\t\t\t\t\t\t\t\t\t<h3 class=\"droplet-flip-box-layer-title droplet-title\">\n\t\t\t\t\t\t\t\tVorsorge\t\t\t\t\t\t\t<\/h3>\n\t\t\t\t\t\t\n\t\t\t\t\t\t\t\t\t\t\t\t\t<div class=\"droplet-flip-box-layer-desc droplet-desc\">\n\t\t\t\t\t\t\t\tIch berate Sie zu privaten und betrieblichen Altersvorsorge-Konzepten und unterst\u00fctze Sie bei der Umsetzung der f\u00fcr Sie geeigneten Durchf\u00fchrungswege und Betreuung Ihrer Vertr\u00e4ge.\t\t\t\t\t\t\t<\/div>\n\t\t\t\t\t\t\n\t\t\t\t\t<\/div>\n\t\t\t\t<\/div>\n\t\t\t<\/div>\n\n\t\t\t<!-- Back Side -->\n\t\t\t<div class=\"droplet-flip-box-layer droplet-flip-box-back\">\n\t\t\t\t<div class=\"droplet-flip-box-layer-overlay\">\n\t\t\t\t\t<div class=\"droplet-flip-box-layer-inner\">\n\n\t\t\t\t\t\t\n\t\t\t\t\t\t\t\t\t\t\t\t\t<h3 class=\"droplet-flip-box-layer-title droplet-title\">\n\t\t\t\t\t\t\t\tVorsorge\t\t\t\t\t\t\t<\/h3>\n\t\t\t\t\t\t\n\t\t\t\t\t\t\t\t\t\t\t\t\t<div class=\"droplet-flip-box-layer-desc droplet-desc\">\n\t\t\t\t\t\t\t\tPrivate Altersvorsorge<br>\nBetriebliche Altersvorsorge <br>Ausgestaltung der GGF-Vorsorge<br>\nAbfindungsgestaltung<br>\nsteuerliche Optimierung Ihrer Altersvorsorge<br>\nStrategische Auszahlpl\u00e4ne<br>\nBewertung und Optimierung bestehender Vertr\u00e4ge\t\t\t\t\t\t\t<\/div>\n\t\t\t\t\t\t\n\t\t\t\t\t\t\n\t\t\t\t\t<\/div>\n\t\t\t\t<\/div>\n\t\t\t<\/div>\n\n\t\t<\/div>\n\t\t\t\t\t\t<\/div>\n\t\t\t\t<\/div>\n\t\t\t\t<div class=\"elementor-element elementor-element-9f7270d droplet-flip-box-effect-flip droplet-flip-box-direction-left droplet-flip-box-3d-no elementor-widget elementor-widget-droplet_flip_box\" data-id=\"9f7270d\" data-element_type=\"widget\" data-e-type=\"widget\" data-widget_type=\"droplet_flip_box.default\">\n\t\t\t\t<div class=\"elementor-widget-container\">\n\t\t\t\t\t\n\t\t<div class=\"droplet-flip-box\">\n\t\t\t<!-- Front Side -->\n\t\t\t<div class=\"droplet-flip-box-layer droplet-flip-box-front\">\n\t\t\t\t<div class=\"droplet-flip-box-layer-overlay\">\n\t\t\t\t\t<div class=\"droplet-flip-box-layer-inner\">\n\n\t\t\t\t\t\t\n\t\t\t\t\t\t\n\t\t\t\t\t\t\t\t\t\t\t\t\t<h3 class=\"droplet-flip-box-layer-title droplet-title\">\n\t\t\t\t\t\t\t\tRuhestandsplanung\t\t\t\t\t\t\t<\/h3>\n\t\t\t\t\t\t\n\t\t\t\t\t\t\t\t\t\t\t\t\t<div class=\"droplet-flip-box-layer-desc droplet-desc\">\n\t\t\t\t\t\t\t\tDamit Sie Ihren Ruhestand voll genie\u00dfen k\u00f6nnen, sollten Sie Ihre eigenen Ziele, W\u00fcnsche und Bed\u00fcrfnisse kennen und Ihre finanzielle Planung darauf ausrichten.\t\t\t\t\t\t\t<\/div>\n\t\t\t\t\t\t\n\t\t\t\t\t<\/div>\n\t\t\t\t<\/div>\n\t\t\t<\/div>\n\n\t\t\t<!-- Back Side -->\n\t\t\t<div class=\"droplet-flip-box-layer droplet-flip-box-back\">\n\t\t\t\t<div class=\"droplet-flip-box-layer-overlay\">\n\t\t\t\t\t<div class=\"droplet-flip-box-layer-inner\">\n\n\t\t\t\t\t\t\n\t\t\t\t\t\t\t\t\t\t\t\t\t<h3 class=\"droplet-flip-box-layer-title droplet-title\">\n\t\t\t\t\t\t\t\tRuhestandsplanung\t\t\t\t\t\t\t<\/h3>\n\t\t\t\t\t\t\n\t\t\t\t\t\t\t\t\t\t\t\t\t<div class=\"droplet-flip-box-layer-desc droplet-desc\">\n\t\t\t\t\t\t\t\tWirklich an alles gedacht!<br>\n-Zeitpunkt<br>\n-Lebenslanges Einkommen<br>\n-Vererben\/Verm\u00f6genserhalt<br>\n-Flexibilit\u00e4t<br>\n-Immobilien<br>\n-Versicherungen<br>\n-Rechtliche Vorsorge\/Selbstbestimmung<br><br>\n\n\t\t\t\t\t\t\t<\/div>\n\t\t\t\t\t\t\n\t\t\t\t\t\t\n\t\t\t\t\t<\/div>\n\t\t\t\t<\/div>\n\t\t\t<\/div>\n\n\t\t<\/div>\n\t\t\t\t\t\t<\/div>\n\t\t\t\t<\/div>\n\t\t\t\t\t<\/div>\n\t\t\t\t<\/div>\n\t\t\t\t<section class=\"elementor-section elementor-top-section elementor-element elementor-element-da562a0 elementor-section-full_width elementor-section-stretched elementor-section-height-default elementor-section-height-default\" data-id=\"da562a0\" data-element_type=\"section\" data-e-type=\"section\" data-settings=\"{&quot;stretch_section&quot;:&quot;section-stretched&quot;}\">\n\t\t\t\t\t\t<div class=\"elementor-container elementor-column-gap-default\">\n\t\t\t\t\t<div class=\"elementor-column elementor-col-100 elementor-top-column elementor-element elementor-element-b3f1d6e\" data-id=\"b3f1d6e\" data-element_type=\"column\" data-e-type=\"column\" data-settings=\"{&quot;background_background&quot;:&quot;classic&quot;}\">\n\t\t\t<div class=\"elementor-widget-wrap elementor-element-populated\">\n\t\t\t\t\t\t<section class=\"elementor-section elementor-inner-section elementor-element elementor-element-db8a556 elementor-section-boxed elementor-section-height-default elementor-section-height-default\" data-id=\"db8a556\" data-element_type=\"section\" data-e-type=\"section\">\n\t\t\t\t\t\t<div class=\"elementor-container elementor-column-gap-default\">\n\t\t\t\t\t<div class=\"elementor-column elementor-col-50 elementor-inner-column elementor-element elementor-element-03d44ed\" data-id=\"03d44ed\" data-element_type=\"column\" data-e-type=\"column\" data-settings=\"{&quot;background_background&quot;:&quot;classic&quot;}\">\n\t\t\t<div class=\"elementor-widget-wrap elementor-element-populated\">\n\t\t\t\t\t\t<div class=\"elementor-element elementor-element-776bbd5 elementor-widget elementor-widget-droplet_heading\" data-id=\"776bbd5\" data-element_type=\"widget\" data-e-type=\"widget\" data-widget_type=\"droplet_heading.default\">\n\t\t\t\t<div class=\"elementor-widget-container\">\n\t\t\t\t\t<h1 class=\"droplet-heading-title droplet-title droplet-size-default\">Angebote<\/h1><p class=\"droplet-heading-desc droplet-desc\">-Private Altersvorsorge<br>\n-Betriebliche Altersvorsorge<br>\n-Ruhestandsplanung<br>\n-Gestaltung der GGF-Versorgung<br>\n-Steuerliche Optimierung der Altersvorsorge<\/p>\t\t\t\t<\/div>\n\t\t\t\t<\/div>\n\t\t\t\t<div class=\"elementor-element elementor-element-eb5aff3 elementor-align-left elementor-widget elementor-widget-droplet_button\" data-id=\"eb5aff3\" data-element_type=\"widget\" data-e-type=\"widget\" data-widget_type=\"droplet_button.default\">\n\t\t\t\t<div class=\"elementor-widget-container\">\n\t\t\t\t\t\t\t<div class=\"droplet-button-wrapper\">\n\t\t\t<a href=\"https:\/\/maskus-finanzmanufaktur.de\/Finanzen\/kontakt\" class=\"droplet-button-link droplet-button elementor-size-lg\" role=\"button\">\n\t\t\t\t\t\t<span class=\"droplet-button-content-wrapper align-items-center\">\n\t\t\t\t\t\t<span class=\"droplet-button-text\">Kontaktieren Sie mich hier<\/span>\n\t\t<\/span>\n\t\t\t\t\t<\/a>\n\t\t<\/div>\n\t\t\t\t\t\t<\/div>\n\t\t\t\t<\/div>\n\t\t\t\t\t<\/div>\n\t\t<\/div>\n\t\t\t\t<div class=\"elementor-column elementor-col-50 elementor-inner-column elementor-element elementor-element-2b293f6\" data-id=\"2b293f6\" data-element_type=\"column\" data-e-type=\"column\">\n\t\t\t<div class=\"elementor-widget-wrap\">\n\t\t\t\t\t\t\t<\/div>\n\t\t<\/div>\n\t\t\t\t\t<\/div>\n\t\t<\/section>\n\t\t\t\t\t<\/div>\n\t\t<\/div>\n\t\t\t\t\t<\/div>\n\t\t<\/section>\n\t\t\t\t<\/div>\n\t\t","protected":false},"excerpt":{"rendered":"<p>Vorsorge Die gesetzliche Rente allein wird im Alter nicht mehr reichen. Ich biete meinen Kundinnen und Kunden ein individuelles Beratungsgespr\u00e4ch an, in dem ich sie \u00fcber die verschiedenen M\u00f6glichkeiten der Altersvorsorge informiere. Eigenvorsorge ist heute ein unverzichtbarer Baustein in der Vorsorge. Er erm\u00f6glicht Ihnen Ihren gewohnten Lebensstandard im Rentenalter zu halten. Nehmen Sie sich die [&hellip;]<\/p>\n","protected":false},"author":1,"featured_media":0,"parent":0,"menu_order":0,"comment_status":"closed","ping_status":"closed","template":"page-fullwidth.php","meta":{"footnotes":""},"class_list":["post-46","page","type-page","status-publish","hentry"],"_links":{"self":[{"href":"https:\/\/maskus-finanzmanufaktur.de\/Finanzen\/wp-json\/wp\/v2\/pages\/46","targetHints":{"allow":["GET"]}}],"collection":[{"href":"https:\/\/maskus-finanzmanufaktur.de\/Finanzen\/wp-json\/wp\/v2\/pages"}],"about":[{"href":"https:\/\/maskus-finanzmanufaktur.de\/Finanzen\/wp-json\/wp\/v2\/types\/page"}],"author":[{"embeddable":true,"href":"https:\/\/maskus-finanzmanufaktur.de\/Finanzen\/wp-json\/wp\/v2\/users\/1"}],"replies":[{"embeddable":true,"href":"https:\/\/maskus-finanzmanufaktur.de\/Finanzen\/wp-json\/wp\/v2\/comments?post=46"}],"version-history":[{"count":36,"href":"https:\/\/maskus-finanzmanufaktur.de\/Finanzen\/wp-json\/wp\/v2\/pages\/46\/revisions"}],"predecessor-version":[{"id":2287,"href":"https:\/\/maskus-finanzmanufaktur.de\/Finanzen\/wp-json\/wp\/v2\/pages\/46\/revisions\/2287"}],"wp:attachment":[{"href":"https:\/\/maskus-finanzmanufaktur.de\/Finanzen\/wp-json\/wp\/v2\/media?parent=46"}],"curies":[{"name":"wp","href":"https:\/\/api.w.org\/{rel}","templated":true}]}}