{"id":1834,"date":"2024-03-15T14:45:46","date_gmt":"2024-03-15T13:45:46","guid":{"rendered":"https:\/\/maskus-finanzmanufaktur.de\/Finanzen\/?page_id=1834"},"modified":"2024-07-04T10:51:25","modified_gmt":"2024-07-04T08:51:25","slug":"vermoegensmanagement","status":"publish","type":"page","link":"https:\/\/maskus-finanzmanufaktur.de\/Finanzen\/vermoegensmanagement\/","title":{"rendered":"Verm\u00f6gensmanagement"},"content":{"rendered":"\t\t<div data-elementor-type=\"wp-page\" data-elementor-id=\"1834\" class=\"elementor elementor-1834\">\n\t\t\t\t<div class=\"elementor-element elementor-element-f0e442e e-flex e-con-boxed e-con e-parent\" data-id=\"f0e442e\" data-element_type=\"container\" data-e-type=\"container\">\n\t\t\t\t\t<div class=\"e-con-inner\">\n\t\t\t\t<div class=\"elementor-element elementor-element-7c37877 elementor-widget elementor-widget-spacer\" data-id=\"7c37877\" data-element_type=\"widget\" data-e-type=\"widget\" data-widget_type=\"spacer.default\">\n\t\t\t\t<div class=\"elementor-widget-container\">\n\t\t\t\t\t\t\t<div class=\"elementor-spacer\">\n\t\t\t<div class=\"elementor-spacer-inner\"><\/div>\n\t\t<\/div>\n\t\t\t\t\t\t<\/div>\n\t\t\t\t<\/div>\n\t\t\t\t<div class=\"elementor-element elementor-element-5317793 elementor-widget elementor-widget-heading\" data-id=\"5317793\" data-element_type=\"widget\" data-e-type=\"widget\" data-widget_type=\"heading.default\">\n\t\t\t\t<div class=\"elementor-widget-container\">\n\t\t\t\t\t<h2 class=\"elementor-heading-title elementor-size-default\">Verm\u00f6gensmanagement<\/h2>\t\t\t\t<\/div>\n\t\t\t\t<\/div>\n\t\t\t\t\t<\/div>\n\t\t\t\t<\/div>\n\t\t<div class=\"elementor-element elementor-element-eb1e76b e-flex e-con-boxed e-con e-parent\" data-id=\"eb1e76b\" data-element_type=\"container\" data-e-type=\"container\">\n\t\t\t\t\t<div class=\"e-con-inner\">\n\t\t\t\t<div class=\"elementor-element elementor-element-8d27c16 elementor-widget elementor-widget-text-editor\" data-id=\"8d27c16\" data-element_type=\"widget\" data-e-type=\"widget\" data-widget_type=\"text-editor.default\">\n\t\t\t\t<div class=\"elementor-widget-container\">\n\t\t\t\t\t\t\t\t\t<p>Ich unterst\u00fctze Sie bei der Planung und Umsetzung eines strategischen Verm\u00f6gensaufbaus. <br \/>Die grundlegenden Pfeiler im strategischen Verm\u00f6gensaufbau sind Ihre individuellen <br \/>Bed\u00fcrfnisse wie z.B. Ziele, Zeit und Risikobereitschaft. <br \/>Zusammen erarbeiten wir f\u00fcr Sie ein individualisiertes, passgenaues und auf Ihre Bed\u00fcrfnisse und Ziele <br \/>zugeschnittenes pers\u00f6nliches Finanzkonzept..\u00a0<\/p>\t\t\t\t\t\t\t\t<\/div>\n\t\t\t\t<\/div>\n\t\t\t\t\t<\/div>\n\t\t\t\t<\/div>\n\t\t<div class=\"elementor-element elementor-element-ae0bb1e e-flex e-con-boxed e-con e-parent\" data-id=\"ae0bb1e\" data-element_type=\"container\" data-e-type=\"container\">\n\t\t\t\t\t<div class=\"e-con-inner\">\n\t\t<div class=\"elementor-element elementor-element-e0b3fbd e-con-full e-flex e-con e-child\" data-id=\"e0b3fbd\" data-element_type=\"container\" data-e-type=\"container\">\n\t\t\t\t<div class=\"elementor-element elementor-element-9d83646 droplet-flip-box-effect-flip droplet-flip-box-direction-left droplet-flip-box-3d-no elementor-widget elementor-widget-droplet_flip_box\" data-id=\"9d83646\" data-element_type=\"widget\" data-e-type=\"widget\" data-widget_type=\"droplet_flip_box.default\">\n\t\t\t\t<div class=\"elementor-widget-container\">\n\t\t\t\t\t\n\t\t<div class=\"droplet-flip-box\">\n\t\t\t<!-- Front Side -->\n\t\t\t<div class=\"droplet-flip-box-layer droplet-flip-box-front\">\n\t\t\t\t<div class=\"droplet-flip-box-layer-overlay\">\n\t\t\t\t\t<div class=\"droplet-flip-box-layer-inner\">\n\n\t\t\t\t\t\t\n\t\t\t\t\t\t\n\t\t\t\t\t\t\t\t\t\t\t\t\t<h3 class=\"droplet-flip-box-layer-title droplet-title\">\n\t\t\t\t\t\t\t\tETF's\t\t\t\t\t\t\t<\/h3>\n\t\t\t\t\t\t\n\t\t\t\t\t\t\t\t\t\t\t\t\t<div class=\"droplet-flip-box-layer-desc droplet-desc\">\n\t\t\t\t\t\t\t\tIndexfonds sind heute ein unverzichtbarer Baustein eines jeden Portfolios. Sie bieten eine kosteng\u00fcnstige M\u00f6glichkeit, sich breit in verschiedenen M\u00e4rkten zu engagieren.\t\t\t\t\t\t\t<\/div>\n\t\t\t\t\t\t\n\t\t\t\t\t<\/div>\n\t\t\t\t<\/div>\n\t\t\t<\/div>\n\n\t\t\t<!-- Back Side -->\n\t\t\t<div class=\"droplet-flip-box-layer droplet-flip-box-back\">\n\t\t\t\t<div class=\"droplet-flip-box-layer-overlay\">\n\t\t\t\t\t<div class=\"droplet-flip-box-layer-inner\">\n\n\t\t\t\t\t\t\n\t\t\t\t\t\t\t\t\t\t\t\t\t<h3 class=\"droplet-flip-box-layer-title droplet-title\">\n\t\t\t\t\t\t\t\tETF's\t\t\t\t\t\t\t<\/h3>\n\t\t\t\t\t\t\n\t\t\t\t\t\t\t\t\t\t\t\t\t<div class=\"droplet-flip-box-layer-desc droplet-desc\">\n\t\t\t\t\t\t\t\tVorteile<br>\n-M\u00f6glichst getreue Nachbildung eines Index<br>\n-Kostenstruktur<br>\n<br>\nNachteile<br>\n-Keine Chance auf ein besseres Ergebnis als der Vergleichsindex.\n\n\t\t\t\t\t\t\t<\/div>\n\t\t\t\t\t\t\n\t\t\t\t\t\t\n\t\t\t\t\t<\/div>\n\t\t\t\t<\/div>\n\t\t\t<\/div>\n\n\t\t<\/div>\n\t\t\t\t\t\t<\/div>\n\t\t\t\t<\/div>\n\t\t\t\t<\/div>\n\t\t<div class=\"elementor-element elementor-element-b986fbe e-con-full e-flex e-con e-child\" data-id=\"b986fbe\" data-element_type=\"container\" data-e-type=\"container\">\n\t\t\t\t<div class=\"elementor-element elementor-element-bfcadb6 droplet-flip-box-effect-flip droplet-flip-box-direction-left droplet-flip-box-3d-no elementor-widget elementor-widget-droplet_flip_box\" data-id=\"bfcadb6\" data-element_type=\"widget\" data-e-type=\"widget\" data-widget_type=\"droplet_flip_box.default\">\n\t\t\t\t<div class=\"elementor-widget-container\">\n\t\t\t\t\t\n\t\t<div class=\"droplet-flip-box\">\n\t\t\t<!-- Front Side -->\n\t\t\t<div class=\"droplet-flip-box-layer droplet-flip-box-front\">\n\t\t\t\t<div class=\"droplet-flip-box-layer-overlay\">\n\t\t\t\t\t<div class=\"droplet-flip-box-layer-inner\">\n\n\t\t\t\t\t\t\n\t\t\t\t\t\t\n\t\t\t\t\t\t\t\t\t\t\t\t\t<h3 class=\"droplet-flip-box-layer-title droplet-title\">\n\t\t\t\t\t\t\t\tGreen Investment\t\t\t\t\t\t\t<\/h3>\n\t\t\t\t\t\t\n\t\t\t\t\t\t\t\t\t\t\t\t\t<div class=\"droplet-flip-box-layer-desc droplet-desc\">\n\t\t\t\t\t\t\t\tBietet Ihnen die M\u00f6glichkeit in zukunftsorientierte und nachhaltige Gesch\u00e4ftsmodelle zu investieren.\t\t\t\t\t\t\t<\/div>\n\t\t\t\t\t\t\n\t\t\t\t\t<\/div>\n\t\t\t\t<\/div>\n\t\t\t<\/div>\n\n\t\t\t<!-- Back Side -->\n\t\t\t<div class=\"droplet-flip-box-layer droplet-flip-box-back\">\n\t\t\t\t<div class=\"droplet-flip-box-layer-overlay\">\n\t\t\t\t\t<div class=\"droplet-flip-box-layer-inner\">\n\n\t\t\t\t\t\t\n\t\t\t\t\t\t\t\t\t\t\t\t\t<h3 class=\"droplet-flip-box-layer-title droplet-title\">\n\t\t\t\t\t\t\t\tGreen Investment\t\t\t\t\t\t\t<\/h3>\n\t\t\t\t\t\t\n\t\t\t\t\t\t\t\t\t\t\t\t\t<div class=\"droplet-flip-box-layer-desc droplet-desc\">\n\t\t\t\t\t\t\t\t-Aktien die konsequent ESG-Kriterien erf\u00fcllen<br>\n-Ber\u00fccksichtigung \u00f6kologischer und\/oder <br>gesellschaftlicher Aspekte<br>\n-vorbildliche \u00d6kobilanz Klimaneutral<br>\n\t\t\t\t\t\t\t<\/div>\n\t\t\t\t\t\t\n\t\t\t\t\t\t\n\t\t\t\t\t<\/div>\n\t\t\t\t<\/div>\n\t\t\t<\/div>\n\n\t\t<\/div>\n\t\t\t\t\t\t<\/div>\n\t\t\t\t<\/div>\n\t\t\t\t<\/div>\n\t\t\t\t\t<\/div>\n\t\t\t\t<\/div>\n\t\t\t\t<section class=\"elementor-section elementor-top-section elementor-element elementor-element-da562a0 elementor-section-full_width elementor-section-stretched elementor-section-height-default elementor-section-height-default\" data-id=\"da562a0\" data-element_type=\"section\" data-e-type=\"section\" data-settings=\"{&quot;stretch_section&quot;:&quot;section-stretched&quot;}\">\n\t\t\t\t\t\t<div class=\"elementor-container elementor-column-gap-default\">\n\t\t\t\t\t<div class=\"elementor-column elementor-col-100 elementor-top-column elementor-element elementor-element-b3f1d6e\" data-id=\"b3f1d6e\" data-element_type=\"column\" data-e-type=\"column\" data-settings=\"{&quot;background_background&quot;:&quot;classic&quot;}\">\n\t\t\t<div class=\"elementor-widget-wrap elementor-element-populated\">\n\t\t\t\t\t\t<section class=\"elementor-section elementor-inner-section elementor-element elementor-element-db8a556 elementor-section-boxed elementor-section-height-default elementor-section-height-default\" data-id=\"db8a556\" data-element_type=\"section\" data-e-type=\"section\">\n\t\t\t\t\t\t<div class=\"elementor-container elementor-column-gap-default\">\n\t\t\t\t\t<div class=\"elementor-column elementor-col-50 elementor-inner-column elementor-element elementor-element-03d44ed\" data-id=\"03d44ed\" data-element_type=\"column\" data-e-type=\"column\" data-settings=\"{&quot;background_background&quot;:&quot;classic&quot;}\">\n\t\t\t<div class=\"elementor-widget-wrap elementor-element-populated\">\n\t\t\t\t\t\t<div class=\"elementor-element elementor-element-776bbd5 elementor-widget elementor-widget-droplet_heading\" data-id=\"776bbd5\" data-element_type=\"widget\" data-e-type=\"widget\" data-widget_type=\"droplet_heading.default\">\n\t\t\t\t<div class=\"elementor-widget-container\">\n\t\t\t\t\t<h1 class=\"droplet-heading-title droplet-title droplet-size-default\">Das machen wir<\/h1><p class=\"droplet-heading-desc droplet-desc\">-Individuelle Portfoliostrukturierung<br>\n-Strategische Ausrichtung<br>\n-Ziel f\u00fcr Sie Alpha zu generieren<br>\n-transparente und nachvollziehbare Aktienportfolios<br>\n-qualitativer als auch quantitativer Investmentansatz<br><\/p>\t\t\t\t<\/div>\n\t\t\t\t<\/div>\n\t\t\t\t<div class=\"elementor-element elementor-element-eb5aff3 elementor-align-left elementor-widget elementor-widget-droplet_button\" data-id=\"eb5aff3\" data-element_type=\"widget\" data-e-type=\"widget\" data-widget_type=\"droplet_button.default\">\n\t\t\t\t<div class=\"elementor-widget-container\">\n\t\t\t\t\t\t\t<div class=\"droplet-button-wrapper\">\n\t\t\t<a href=\"https:\/\/maskus-finanzmanufaktur.de\/Finanzen\/kontakt\" class=\"droplet-button-link droplet-button elementor-size-lg\" role=\"button\">\n\t\t\t\t\t\t<span class=\"droplet-button-content-wrapper align-items-center\">\n\t\t\t\t\t\t<span class=\"droplet-button-text\">Kontakieren sich mich <\/span>\n\t\t<\/span>\n\t\t\t\t\t<\/a>\n\t\t<\/div>\n\t\t\t\t\t\t<\/div>\n\t\t\t\t<\/div>\n\t\t\t\t\t<\/div>\n\t\t<\/div>\n\t\t\t\t<div class=\"elementor-column elementor-col-50 elementor-inner-column elementor-element elementor-element-2b293f6\" data-id=\"2b293f6\" data-element_type=\"column\" data-e-type=\"column\">\n\t\t\t<div class=\"elementor-widget-wrap\">\n\t\t\t\t\t\t\t<\/div>\n\t\t<\/div>\n\t\t\t\t\t<\/div>\n\t\t<\/section>\n\t\t\t\t\t<\/div>\n\t\t<\/div>\n\t\t\t\t\t<\/div>\n\t\t<\/section>\n\t\t\t\t<\/div>\n\t\t","protected":false},"excerpt":{"rendered":"<p>Verm\u00f6gensmanagement Ich unterst\u00fctze Sie bei der Planung und Umsetzung eines strategischen Verm\u00f6gensaufbaus. Die grundlegenden Pfeiler im strategischen Verm\u00f6gensaufbau sind Ihre individuellen Bed\u00fcrfnisse wie z.B. Ziele, Zeit und Risikobereitschaft. Zusammen erarbeiten wir f\u00fcr Sie ein individualisiertes, passgenaues und auf Ihre Bed\u00fcrfnisse und Ziele zugeschnittenes pers\u00f6nliches Finanzkonzept..\u00a0 ETF&#8217;s Indexfonds sind heute ein unverzichtbarer Baustein eines jeden Portfolios. [&hellip;]<\/p>\n","protected":false},"author":1,"featured_media":0,"parent":0,"menu_order":0,"comment_status":"closed","ping_status":"closed","template":"page-fullwidth.php","meta":{"footnotes":""},"class_list":["post-1834","page","type-page","status-publish","hentry"],"_links":{"self":[{"href":"https:\/\/maskus-finanzmanufaktur.de\/Finanzen\/wp-json\/wp\/v2\/pages\/1834","targetHints":{"allow":["GET"]}}],"collection":[{"href":"https:\/\/maskus-finanzmanufaktur.de\/Finanzen\/wp-json\/wp\/v2\/pages"}],"about":[{"href":"https:\/\/maskus-finanzmanufaktur.de\/Finanzen\/wp-json\/wp\/v2\/types\/page"}],"author":[{"embeddable":true,"href":"https:\/\/maskus-finanzmanufaktur.de\/Finanzen\/wp-json\/wp\/v2\/users\/1"}],"replies":[{"embeddable":true,"href":"https:\/\/maskus-finanzmanufaktur.de\/Finanzen\/wp-json\/wp\/v2\/comments?post=1834"}],"version-history":[{"count":58,"href":"https:\/\/maskus-finanzmanufaktur.de\/Finanzen\/wp-json\/wp\/v2\/pages\/1834\/revisions"}],"predecessor-version":[{"id":2303,"href":"https:\/\/maskus-finanzmanufaktur.de\/Finanzen\/wp-json\/wp\/v2\/pages\/1834\/revisions\/2303"}],"wp:attachment":[{"href":"https:\/\/maskus-finanzmanufaktur.de\/Finanzen\/wp-json\/wp\/v2\/media?parent=1834"}],"curies":[{"name":"wp","href":"https:\/\/api.w.org\/{rel}","templated":true}]}}