{"id":1833,"date":"2024-03-15T14:59:37","date_gmt":"2024-03-15T13:59:37","guid":{"rendered":"https:\/\/maskus-finanzmanufaktur.de\/Finanzen\/?page_id=1833"},"modified":"2024-07-04T11:03:59","modified_gmt":"2024-07-04T09:03:59","slug":"krankenversicherung","status":"publish","type":"page","link":"https:\/\/maskus-finanzmanufaktur.de\/Finanzen\/krankenversicherung\/","title":{"rendered":"Finanzierung"},"content":{"rendered":"\t\t<div data-elementor-type=\"wp-page\" data-elementor-id=\"1833\" class=\"elementor elementor-1833\">\n\t\t\t\t<div class=\"elementor-element elementor-element-f0e442e e-flex e-con-boxed e-con e-parent\" data-id=\"f0e442e\" data-element_type=\"container\" data-e-type=\"container\">\n\t\t\t\t\t<div class=\"e-con-inner\">\n\t\t\t\t<div class=\"elementor-element elementor-element-0a1e10e elementor-widget elementor-widget-spacer\" data-id=\"0a1e10e\" data-element_type=\"widget\" data-e-type=\"widget\" data-widget_type=\"spacer.default\">\n\t\t\t\t<div class=\"elementor-widget-container\">\n\t\t\t\t\t\t\t<div class=\"elementor-spacer\">\n\t\t\t<div class=\"elementor-spacer-inner\"><\/div>\n\t\t<\/div>\n\t\t\t\t\t\t<\/div>\n\t\t\t\t<\/div>\n\t\t\t\t<div class=\"elementor-element elementor-element-5317793 elementor-widget elementor-widget-heading\" data-id=\"5317793\" data-element_type=\"widget\" data-e-type=\"widget\" data-widget_type=\"heading.default\">\n\t\t\t\t<div class=\"elementor-widget-container\">\n\t\t\t\t\t<h2 class=\"elementor-heading-title elementor-size-default\">Finanzierung<\/h2>\t\t\t\t<\/div>\n\t\t\t\t<\/div>\n\t\t\t\t\t<\/div>\n\t\t\t\t<\/div>\n\t\t<div class=\"elementor-element elementor-element-4d5df40 e-flex e-con-boxed e-con e-parent\" data-id=\"4d5df40\" data-element_type=\"container\" data-e-type=\"container\">\n\t\t\t\t\t<div class=\"e-con-inner\">\n\t\t\t\t<div class=\"elementor-element elementor-element-8f297e3 elementor-widget elementor-widget-text-editor\" data-id=\"8f297e3\" data-element_type=\"widget\" data-e-type=\"widget\" data-widget_type=\"text-editor.default\">\n\t\t\t\t<div class=\"elementor-widget-container\">\n\t\t\t\t\t\t\t\t\t<p><span style=\"color: #404040;\"><span style=\"font-family: Arial, serif;\"><span style=\"font-size: large;\">Ich berate Sie bei der Finanzierung Ihrer Immobilie oder Ihres Bauvorhabens und unterst\u00fctze Sie bei der Umsetzung und laufenden Betreuung eines Darlehens. Meine Erfahrung und mein Fachwissen \u00fcber Finanzierungsm\u00f6glichkeiten und -produkte erm\u00f6glichen es mir, meine Kunden bei der Auswahl der besten Optionen zu unterst\u00fctzen und m\u00f6gliche Hindernisse bei der Verwirklichung ihrer Ziele aus dem Weg zu r\u00e4umen. <\/span><\/span><\/span><\/p>\t\t\t\t\t\t\t\t<\/div>\n\t\t\t\t<\/div>\n\t\t\t\t\t<\/div>\n\t\t\t\t<\/div>\n\t\t<div class=\"elementor-element elementor-element-242a702 e-grid e-con-boxed e-con e-parent\" data-id=\"242a702\" data-element_type=\"container\" data-e-type=\"container\">\n\t\t\t\t\t<div class=\"e-con-inner\">\n\t\t\t\t<div class=\"elementor-element elementor-element-fc65339 droplet-flip-box-effect-flip droplet-flip-box-direction-left droplet-flip-box-3d-no elementor-widget elementor-widget-droplet_flip_box\" data-id=\"fc65339\" data-element_type=\"widget\" data-e-type=\"widget\" data-widget_type=\"droplet_flip_box.default\">\n\t\t\t\t<div class=\"elementor-widget-container\">\n\t\t\t\t\t\n\t\t<div class=\"droplet-flip-box\">\n\t\t\t<!-- Front Side -->\n\t\t\t<div class=\"droplet-flip-box-layer droplet-flip-box-front\">\n\t\t\t\t<div class=\"droplet-flip-box-layer-overlay\">\n\t\t\t\t\t<div class=\"droplet-flip-box-layer-inner\">\n\n\t\t\t\t\t\t\n\t\t\t\t\t\t\n\t\t\t\t\t\t\t\t\t\t\t\t\t<h3 class=\"droplet-flip-box-layer-title droplet-title\">\n\t\t\t\t\t\t\t\tFinanzierung\t\t\t\t\t\t\t<\/h3>\n\t\t\t\t\t\t\n\t\t\t\t\t\t\t\t\t\t\t\t\t<div class=\"droplet-flip-box-layer-desc droplet-desc\">\n\t\t\t\t\t\t\t\tF\u00fcr jedes Ihrer Finanzierungsvorhaben finde ich den passenden Anbieter und k\u00fcmmere mich um die wunschgem\u00e4\u00dfe Abwicklung.\t\t\t\t\t\t\t<\/div>\n\t\t\t\t\t\t\n\t\t\t\t\t<\/div>\n\t\t\t\t<\/div>\n\t\t\t<\/div>\n\n\t\t\t<!-- Back Side -->\n\t\t\t<div class=\"droplet-flip-box-layer droplet-flip-box-back\">\n\t\t\t\t<div class=\"droplet-flip-box-layer-overlay\">\n\t\t\t\t\t<div class=\"droplet-flip-box-layer-inner\">\n\n\t\t\t\t\t\t\n\t\t\t\t\t\t\t\t\t\t\t\t\t<h3 class=\"droplet-flip-box-layer-title droplet-title\">\n\t\t\t\t\t\t\t\tFinanzierung\t\t\t\t\t\t\t<\/h3>\n\t\t\t\t\t\t\n\t\t\t\t\t\t\t\t\t\t\t\t\t<div class=\"droplet-flip-box-layer-desc droplet-desc\">\n\t\t\t\t\t\t\t\t-Immobilienfinanzierung<br>\n-Baufinanzierung<br>\n-Praxisfinanzierung <br>\n-Anschlussfinanzierung \/ Forward-Darlehen<br>\n-Modernisierungsdarlehen<br>\n-Ratenkredite<br>\n-Unternehmensfinanzierung\t\t\t\t\t\t\t<\/div>\n\t\t\t\t\t\t\n\t\t\t\t\t\t\n\t\t\t\t\t<\/div>\n\t\t\t\t<\/div>\n\t\t\t<\/div>\n\n\t\t<\/div>\n\t\t\t\t\t\t<\/div>\n\t\t\t\t<\/div>\n\t\t\t\t<div class=\"elementor-element elementor-element-7c54b76 droplet-flip-box-effect-flip droplet-flip-box-direction-left droplet-flip-box-3d-no elementor-widget elementor-widget-droplet_flip_box\" data-id=\"7c54b76\" data-element_type=\"widget\" data-e-type=\"widget\" data-widget_type=\"droplet_flip_box.default\">\n\t\t\t\t<div class=\"elementor-widget-container\">\n\t\t\t\t\t\n\t\t<div class=\"droplet-flip-box\">\n\t\t\t<!-- Front Side -->\n\t\t\t<div class=\"droplet-flip-box-layer droplet-flip-box-front\">\n\t\t\t\t<div class=\"droplet-flip-box-layer-overlay\">\n\t\t\t\t\t<div class=\"droplet-flip-box-layer-inner\">\n\n\t\t\t\t\t\t\n\t\t\t\t\t\t\n\t\t\t\t\t\t\t\t\t\t\t\t\t<h3 class=\"droplet-flip-box-layer-title droplet-title\">\n\t\t\t\t\t\t\t\tBausparen\t\t\t\t\t\t\t<\/h3>\n\t\t\t\t\t\t\n\t\t\t\t\t\t\t\t\t\t\t\t\t<div class=\"droplet-flip-box-layer-desc droplet-desc\">\n\t\t\t\t\t\t\t\tMit einem Bausparvertrag sichern Sie sich einen vorteilhaften Darlehenszins und bauen parallel Eigenkapital auf.\t\t\t\t\t\t\t<\/div>\n\t\t\t\t\t\t\n\t\t\t\t\t<\/div>\n\t\t\t\t<\/div>\n\t\t\t<\/div>\n\n\t\t\t<!-- Back Side -->\n\t\t\t<div class=\"droplet-flip-box-layer droplet-flip-box-back\">\n\t\t\t\t<div class=\"droplet-flip-box-layer-overlay\">\n\t\t\t\t\t<div class=\"droplet-flip-box-layer-inner\">\n\n\t\t\t\t\t\t\n\t\t\t\t\t\t\t\t\t\t\t\t\t<h3 class=\"droplet-flip-box-layer-title droplet-title\">\n\t\t\t\t\t\t\t\tStaatliche Bauf\u00f6rderung\t\t\t\t\t\t\t<\/h3>\n\t\t\t\t\t\t\n\t\t\t\t\t\t\t\t\t\t\t\t\t<div class=\"droplet-flip-box-layer-desc droplet-desc\">\n\t\t\t\t\t\t\t\tIch pr\u00fcfe f\u00fcr Sie, inwieweit Sie m\u00f6gliche Anspr\u00fcche auf F\u00f6rderkredite z.B. KfW-Darlehen haben.\t\t\t\t\t\t\t<\/div>\n\t\t\t\t\t\t\n\t\t\t\t\t\t\n\t\t\t\t\t<\/div>\n\t\t\t\t<\/div>\n\t\t\t<\/div>\n\n\t\t<\/div>\n\t\t\t\t\t\t<\/div>\n\t\t\t\t<\/div>\n\t\t\t\t\t<\/div>\n\t\t\t\t<\/div>\n\t\t\t\t<section class=\"elementor-section elementor-top-section elementor-element elementor-element-da562a0 elementor-section-full_width elementor-section-stretched elementor-section-height-default elementor-section-height-default\" data-id=\"da562a0\" data-element_type=\"section\" data-e-type=\"section\" data-settings=\"{&quot;stretch_section&quot;:&quot;section-stretched&quot;}\">\n\t\t\t\t\t\t<div class=\"elementor-container elementor-column-gap-default\">\n\t\t\t\t\t<div class=\"elementor-column elementor-col-100 elementor-top-column elementor-element elementor-element-b3f1d6e\" data-id=\"b3f1d6e\" data-element_type=\"column\" data-e-type=\"column\" data-settings=\"{&quot;background_background&quot;:&quot;classic&quot;}\">\n\t\t\t<div class=\"elementor-widget-wrap elementor-element-populated\">\n\t\t\t\t\t\t<section class=\"elementor-section elementor-inner-section elementor-element elementor-element-db8a556 elementor-section-boxed elementor-section-height-default elementor-section-height-default\" data-id=\"db8a556\" data-element_type=\"section\" data-e-type=\"section\">\n\t\t\t\t\t\t<div class=\"elementor-container elementor-column-gap-default\">\n\t\t\t\t\t<div class=\"elementor-column elementor-col-50 elementor-inner-column elementor-element elementor-element-03d44ed\" data-id=\"03d44ed\" data-element_type=\"column\" data-e-type=\"column\" data-settings=\"{&quot;background_background&quot;:&quot;classic&quot;}\">\n\t\t\t<div class=\"elementor-widget-wrap elementor-element-populated\">\n\t\t\t\t\t\t<div class=\"elementor-element elementor-element-776bbd5 elementor-widget elementor-widget-droplet_heading\" data-id=\"776bbd5\" data-element_type=\"widget\" data-e-type=\"widget\" data-widget_type=\"droplet_heading.default\">\n\t\t\t\t<div class=\"elementor-widget-container\">\n\t\t\t\t\t<h1 class=\"droplet-heading-title droplet-title droplet-size-default\">Angebote<\/h1><p class=\"droplet-heading-desc droplet-desc\">-Berechnung von Darlehen<br>\n-Ausschreibung und Angebotsvergleich<br>\n-F\u00f6rderkredite<br>\n-Bausparen<br>\n-Unternehmenskredite<\/p>\t\t\t\t<\/div>\n\t\t\t\t<\/div>\n\t\t\t\t<div class=\"elementor-element elementor-element-eb5aff3 elementor-align-left elementor-widget elementor-widget-droplet_button\" data-id=\"eb5aff3\" data-element_type=\"widget\" data-e-type=\"widget\" data-widget_type=\"droplet_button.default\">\n\t\t\t\t<div class=\"elementor-widget-container\">\n\t\t\t\t\t\t\t<div class=\"droplet-button-wrapper\">\n\t\t\t<a href=\"https:\/\/maskus-finanzmanufaktur.de\/Finanzen\/kontakt\" class=\"droplet-button-link droplet-button elementor-size-lg\" role=\"button\">\n\t\t\t\t\t\t<span class=\"droplet-button-content-wrapper align-items-center\">\n\t\t\t\t\t\t<span class=\"droplet-button-text\">Kontaktieren Sie Mich hier<\/span>\n\t\t<\/span>\n\t\t\t\t\t<\/a>\n\t\t<\/div>\n\t\t\t\t\t\t<\/div>\n\t\t\t\t<\/div>\n\t\t\t\t\t<\/div>\n\t\t<\/div>\n\t\t\t\t<div class=\"elementor-column elementor-col-50 elementor-inner-column elementor-element elementor-element-2b293f6\" data-id=\"2b293f6\" data-element_type=\"column\" data-e-type=\"column\">\n\t\t\t<div class=\"elementor-widget-wrap\">\n\t\t\t\t\t\t\t<\/div>\n\t\t<\/div>\n\t\t\t\t\t<\/div>\n\t\t<\/section>\n\t\t\t\t\t<\/div>\n\t\t<\/div>\n\t\t\t\t\t<\/div>\n\t\t<\/section>\n\t\t\t\t<\/div>\n\t\t","protected":false},"excerpt":{"rendered":"<p>Finanzierung Ich berate Sie bei der Finanzierung Ihrer Immobilie oder Ihres Bauvorhabens und unterst\u00fctze Sie bei der Umsetzung und laufenden Betreuung eines Darlehens. Meine Erfahrung und mein Fachwissen \u00fcber Finanzierungsm\u00f6glichkeiten und -produkte erm\u00f6glichen es mir, meine Kunden bei der Auswahl der besten Optionen zu unterst\u00fctzen und m\u00f6gliche Hindernisse bei der Verwirklichung ihrer Ziele aus dem [&hellip;]<\/p>\n","protected":false},"author":1,"featured_media":0,"parent":0,"menu_order":0,"comment_status":"closed","ping_status":"closed","template":"page-fullwidth.php","meta":{"footnotes":""},"class_list":["post-1833","page","type-page","status-publish","hentry"],"_links":{"self":[{"href":"https:\/\/maskus-finanzmanufaktur.de\/Finanzen\/wp-json\/wp\/v2\/pages\/1833","targetHints":{"allow":["GET"]}}],"collection":[{"href":"https:\/\/maskus-finanzmanufaktur.de\/Finanzen\/wp-json\/wp\/v2\/pages"}],"about":[{"href":"https:\/\/maskus-finanzmanufaktur.de\/Finanzen\/wp-json\/wp\/v2\/types\/page"}],"author":[{"embeddable":true,"href":"https:\/\/maskus-finanzmanufaktur.de\/Finanzen\/wp-json\/wp\/v2\/users\/1"}],"replies":[{"embeddable":true,"href":"https:\/\/maskus-finanzmanufaktur.de\/Finanzen\/wp-json\/wp\/v2\/comments?post=1833"}],"version-history":[{"count":23,"href":"https:\/\/maskus-finanzmanufaktur.de\/Finanzen\/wp-json\/wp\/v2\/pages\/1833\/revisions"}],"predecessor-version":[{"id":2320,"href":"https:\/\/maskus-finanzmanufaktur.de\/Finanzen\/wp-json\/wp\/v2\/pages\/1833\/revisions\/2320"}],"wp:attachment":[{"href":"https:\/\/maskus-finanzmanufaktur.de\/Finanzen\/wp-json\/wp\/v2\/media?parent=1833"}],"curies":[{"name":"wp","href":"https:\/\/api.w.org\/{rel}","templated":true}]}}