{"id":1832,"date":"2024-03-15T15:23:45","date_gmt":"2024-03-15T14:23:45","guid":{"rendered":"https:\/\/maskus-finanzmanufaktur.de\/Finanzen\/?page_id=1832"},"modified":"2024-07-04T11:07:41","modified_gmt":"2024-07-04T09:07:41","slug":"immobilien","status":"publish","type":"page","link":"https:\/\/maskus-finanzmanufaktur.de\/Finanzen\/immobilien\/","title":{"rendered":"Immobilien"},"content":{"rendered":"\t\t<div data-elementor-type=\"wp-page\" data-elementor-id=\"1832\" class=\"elementor elementor-1832\">\n\t\t\t\t<div class=\"elementor-element elementor-element-f0e442e e-flex e-con-boxed e-con e-parent\" data-id=\"f0e442e\" data-element_type=\"container\" data-e-type=\"container\">\n\t\t\t\t\t<div class=\"e-con-inner\">\n\t\t\t\t<div class=\"elementor-element elementor-element-6c0a9e5 elementor-widget elementor-widget-spacer\" data-id=\"6c0a9e5\" data-element_type=\"widget\" data-e-type=\"widget\" data-widget_type=\"spacer.default\">\n\t\t\t\t<div class=\"elementor-widget-container\">\n\t\t\t\t\t\t\t<div class=\"elementor-spacer\">\n\t\t\t<div class=\"elementor-spacer-inner\"><\/div>\n\t\t<\/div>\n\t\t\t\t\t\t<\/div>\n\t\t\t\t<\/div>\n\t\t\t\t<div class=\"elementor-element elementor-element-5317793 elementor-widget elementor-widget-heading\" data-id=\"5317793\" data-element_type=\"widget\" data-e-type=\"widget\" data-widget_type=\"heading.default\">\n\t\t\t\t<div class=\"elementor-widget-container\">\n\t\t\t\t\t<h2 class=\"elementor-heading-title elementor-size-default\">Immobilie als Kapitalanlage<\/h2>\t\t\t\t<\/div>\n\t\t\t\t<\/div>\n\t\t\t\t\t<\/div>\n\t\t\t\t<\/div>\n\t\t<div class=\"elementor-element elementor-element-a8e3160 e-flex e-con-boxed e-con e-parent\" data-id=\"a8e3160\" data-element_type=\"container\" data-e-type=\"container\">\n\t\t\t\t\t<div class=\"e-con-inner\">\n\t\t\t\t<div class=\"elementor-element elementor-element-098497e elementor-widget elementor-widget-text-editor\" data-id=\"098497e\" data-element_type=\"widget\" data-e-type=\"widget\" data-widget_type=\"text-editor.default\">\n\t\t\t\t<div class=\"elementor-widget-container\">\n\t\t\t\t\t\t\t\t\t<p><br \/>Haben Sie schon mal \u00fcber den Kauf einer Immobilie als Kapitalanlage nachgedacht?<br \/>Immobilien bieten als Sachwert einen soliden Inflationsschutz und wegen ihrer Renditechancen sind sie ein interessanter Anlagebaustein.<\/p><p><br \/>Gerne unterst\u00fctze ich Sie bei der Planung und Durchf\u00fchrung des Kaufs einer Immobilie als Kapitalanlage.<br \/>Profitieren Sie von meiner Erfahrung und der Partnerschaft mit ausgew\u00e4hlten Immobilienanbietern.<\/p>\t\t\t\t\t\t\t\t<\/div>\n\t\t\t\t<\/div>\n\t\t\t\t\t<\/div>\n\t\t\t\t<\/div>\n\t\t<div class=\"elementor-element elementor-element-df880f3 e-grid e-con-boxed e-con e-parent\" data-id=\"df880f3\" data-element_type=\"container\" data-e-type=\"container\">\n\t\t\t\t\t<div class=\"e-con-inner\">\n\t\t\t\t<div class=\"elementor-element elementor-element-3b98892 droplet-flip-box-effect-flip droplet-flip-box-direction-left droplet-flip-box-3d-no elementor-widget elementor-widget-droplet_flip_box\" data-id=\"3b98892\" data-element_type=\"widget\" data-e-type=\"widget\" data-widget_type=\"droplet_flip_box.default\">\n\t\t\t\t<div class=\"elementor-widget-container\">\n\t\t\t\t\t\n\t\t<div class=\"droplet-flip-box\">\n\t\t\t<!-- Front Side -->\n\t\t\t<div class=\"droplet-flip-box-layer droplet-flip-box-front\">\n\t\t\t\t<div class=\"droplet-flip-box-layer-overlay\">\n\t\t\t\t\t<div class=\"droplet-flip-box-layer-inner\">\n\n\t\t\t\t\t\t\n\t\t\t\t\t\t\n\t\t\t\t\t\t\t\t\t\t\t\t\t<h3 class=\"droplet-flip-box-layer-title droplet-title\">\n\t\t\t\t\t\t\t\tImmobilienarten\t\t\t\t\t\t\t<\/h3>\n\t\t\t\t\t\t\n\t\t\t\t\t\t\t\t\t\t\t\t\t<div class=\"droplet-flip-box-layer-desc droplet-desc\">\n\t\t\t\t\t\t\t\tW\u00e4rme ist die neue Lage\u2026\nDas Energiekonzept ist heute ein\nentscheidender Ausstattungspunkt!\t\t\t\t\t\t\t<\/div>\n\t\t\t\t\t\t\n\t\t\t\t\t<\/div>\n\t\t\t\t<\/div>\n\t\t\t<\/div>\n\n\t\t\t<!-- Back Side -->\n\t\t\t<div class=\"droplet-flip-box-layer droplet-flip-box-back\">\n\t\t\t\t<div class=\"droplet-flip-box-layer-overlay\">\n\t\t\t\t\t<div class=\"droplet-flip-box-layer-inner\">\n\n\t\t\t\t\t\t\n\t\t\t\t\t\t\t\t\t\t\t\t\t<h3 class=\"droplet-flip-box-layer-title droplet-title\">\n\t\t\t\t\t\t\t\tImmobilienarten\t\t\t\t\t\t\t<\/h3>\n\t\t\t\t\t\t\n\t\t\t\t\t\t\t\t\t\t\t\t\t<div class=\"droplet-flip-box-layer-desc droplet-desc\">\n\t\t\t\t\t\t\t\t-Neubauimmobilie<br>\n-Bestandsimmobilie<br>\n-Mikroapartments<br>\n-Denkmalimmobilie<br>\n-Pflegeimmobilien<br>\n-Ferienimmobilien<br>\t\t\t\t\t\t\t<\/div>\n\t\t\t\t\t\t\n\t\t\t\t\t\t\n\t\t\t\t\t<\/div>\n\t\t\t\t<\/div>\n\t\t\t<\/div>\n\n\t\t<\/div>\n\t\t\t\t\t\t<\/div>\n\t\t\t\t<\/div>\n\t\t\t\t<div class=\"elementor-element elementor-element-868acdd droplet-flip-box-effect-flip droplet-flip-box-direction-left droplet-flip-box-3d-no elementor-widget elementor-widget-droplet_flip_box\" data-id=\"868acdd\" data-element_type=\"widget\" data-e-type=\"widget\" data-widget_type=\"droplet_flip_box.default\">\n\t\t\t\t<div class=\"elementor-widget-container\">\n\t\t\t\t\t\n\t\t<div class=\"droplet-flip-box\">\n\t\t\t<!-- Front Side -->\n\t\t\t<div class=\"droplet-flip-box-layer droplet-flip-box-front\">\n\t\t\t\t<div class=\"droplet-flip-box-layer-overlay\">\n\t\t\t\t\t<div class=\"droplet-flip-box-layer-inner\">\n\n\t\t\t\t\t\t\n\t\t\t\t\t\t\n\t\t\t\t\t\t\t\t\t\t\t\t\t<h3 class=\"droplet-flip-box-layer-title droplet-title\">\n\t\t\t\t\t\t\t\tKauf \t\t\t\t\t\t\t<\/h3>\n\t\t\t\t\t\t\n\t\t\t\t\t\t\t\t\t\t\t\t\t<div class=\"droplet-flip-box-layer-desc droplet-desc\">\n\t\t\t\t\t\t\t\tWelche Immobilie passt zu Ihnen?\t\t\t\t\t\t\t<\/div>\n\t\t\t\t\t\t\n\t\t\t\t\t<\/div>\n\t\t\t\t<\/div>\n\t\t\t<\/div>\n\n\t\t\t<!-- Back Side -->\n\t\t\t<div class=\"droplet-flip-box-layer droplet-flip-box-back\">\n\t\t\t\t<div class=\"droplet-flip-box-layer-overlay\">\n\t\t\t\t\t<div class=\"droplet-flip-box-layer-inner\">\n\n\t\t\t\t\t\t\n\t\t\t\t\t\t\t\t\t\t\t\t\t<h3 class=\"droplet-flip-box-layer-title droplet-title\">\n\t\t\t\t\t\t\t\tKauf \t\t\t\t\t\t\t<\/h3>\n\t\t\t\t\t\t\n\t\t\t\t\t\t\t\t\t\t\t\t\t<div class=\"droplet-flip-box-layer-desc droplet-desc\">\n\t\t\t\t\t\t\t\tDie geeignete Immobilie, finden wir auf\nBasis Ihrer finanziellen und pers\u00f6nlichen Verh\u00e4ltnisse.\nDie Immobilie muss zur aktuellen Lebens.- und Finanzsituation passen.\t\t\t\t\t\t\t<\/div>\n\t\t\t\t\t\t\n\t\t\t\t\t\t\n\t\t\t\t\t<\/div>\n\t\t\t\t<\/div>\n\t\t\t<\/div>\n\n\t\t<\/div>\n\t\t\t\t\t\t<\/div>\n\t\t\t\t<\/div>\n\t\t\t\t\t<\/div>\n\t\t\t\t<\/div>\n\t\t\t\t<section class=\"elementor-section elementor-top-section elementor-element elementor-element-da562a0 elementor-section-full_width elementor-section-stretched elementor-section-height-default elementor-section-height-default\" data-id=\"da562a0\" data-element_type=\"section\" data-e-type=\"section\" data-settings=\"{&quot;stretch_section&quot;:&quot;section-stretched&quot;}\">\n\t\t\t\t\t\t<div class=\"elementor-container elementor-column-gap-default\">\n\t\t\t\t\t<div class=\"elementor-column elementor-col-100 elementor-top-column elementor-element elementor-element-b3f1d6e\" data-id=\"b3f1d6e\" data-element_type=\"column\" data-e-type=\"column\" data-settings=\"{&quot;background_background&quot;:&quot;classic&quot;}\">\n\t\t\t<div class=\"elementor-widget-wrap elementor-element-populated\">\n\t\t\t\t\t\t<section class=\"elementor-section elementor-inner-section elementor-element elementor-element-db8a556 elementor-section-boxed elementor-section-height-default elementor-section-height-default\" data-id=\"db8a556\" data-element_type=\"section\" data-e-type=\"section\">\n\t\t\t\t\t\t<div class=\"elementor-container elementor-column-gap-default\">\n\t\t\t\t\t<div class=\"elementor-column elementor-col-50 elementor-inner-column elementor-element elementor-element-03d44ed\" data-id=\"03d44ed\" data-element_type=\"column\" data-e-type=\"column\" data-settings=\"{&quot;background_background&quot;:&quot;classic&quot;}\">\n\t\t\t<div class=\"elementor-widget-wrap elementor-element-populated\">\n\t\t\t\t\t\t<div class=\"elementor-element elementor-element-776bbd5 elementor-widget elementor-widget-droplet_heading\" data-id=\"776bbd5\" data-element_type=\"widget\" data-e-type=\"widget\" data-widget_type=\"droplet_heading.default\">\n\t\t\t\t<div class=\"elementor-widget-container\">\n\t\t\t\t\t<h1 class=\"droplet-heading-title droplet-title droplet-size-default\">Angebote<\/h1><p class=\"droplet-heading-desc droplet-desc\">Investition in exklusive Immobilien bundesweit\nStudentenapartments<br>\nDenkmalimmobilien mit Steuervorteilen<br>\nNeubau- und Bestandsimmobilien<br>\nPflegeapartments<br>\nHausverwaltung<\/p>\t\t\t\t<\/div>\n\t\t\t\t<\/div>\n\t\t\t\t<div class=\"elementor-element elementor-element-eb5aff3 elementor-align-left elementor-widget elementor-widget-droplet_button\" data-id=\"eb5aff3\" data-element_type=\"widget\" data-e-type=\"widget\" data-widget_type=\"droplet_button.default\">\n\t\t\t\t<div class=\"elementor-widget-container\">\n\t\t\t\t\t\t\t<div class=\"droplet-button-wrapper\">\n\t\t\t<a href=\"https:\/\/maskus-finanzmanufaktur.de\/Finanzen\/kontakt\" class=\"droplet-button-link droplet-button elementor-size-lg\" role=\"button\">\n\t\t\t\t\t\t<span class=\"droplet-button-content-wrapper align-items-center\">\n\t\t\t\t\t\t<span class=\"droplet-button-text\">Kontaktieren Sie mich hier<\/span>\n\t\t<\/span>\n\t\t\t\t\t<\/a>\n\t\t<\/div>\n\t\t\t\t\t\t<\/div>\n\t\t\t\t<\/div>\n\t\t\t\t\t<\/div>\n\t\t<\/div>\n\t\t\t\t<div class=\"elementor-column elementor-col-50 elementor-inner-column elementor-element elementor-element-2b293f6\" data-id=\"2b293f6\" data-element_type=\"column\" data-e-type=\"column\">\n\t\t\t<div class=\"elementor-widget-wrap\">\n\t\t\t\t\t\t\t<\/div>\n\t\t<\/div>\n\t\t\t\t\t<\/div>\n\t\t<\/section>\n\t\t\t\t\t<\/div>\n\t\t<\/div>\n\t\t\t\t\t<\/div>\n\t\t<\/section>\n\t\t\t\t<\/div>\n\t\t","protected":false},"excerpt":{"rendered":"<p>Immobilie als Kapitalanlage Haben Sie schon mal \u00fcber den Kauf einer Immobilie als Kapitalanlage nachgedacht?Immobilien bieten als Sachwert einen soliden Inflationsschutz und wegen ihrer Renditechancen sind sie ein interessanter Anlagebaustein. Gerne unterst\u00fctze ich Sie bei der Planung und Durchf\u00fchrung des Kaufs einer Immobilie als Kapitalanlage.Profitieren Sie von meiner Erfahrung und der Partnerschaft mit ausgew\u00e4hlten Immobilienanbietern. [&hellip;]<\/p>\n","protected":false},"author":1,"featured_media":0,"parent":0,"menu_order":0,"comment_status":"closed","ping_status":"closed","template":"page-fullwidth.php","meta":{"footnotes":""},"class_list":["post-1832","page","type-page","status-publish","hentry"],"_links":{"self":[{"href":"https:\/\/maskus-finanzmanufaktur.de\/Finanzen\/wp-json\/wp\/v2\/pages\/1832","targetHints":{"allow":["GET"]}}],"collection":[{"href":"https:\/\/maskus-finanzmanufaktur.de\/Finanzen\/wp-json\/wp\/v2\/pages"}],"about":[{"href":"https:\/\/maskus-finanzmanufaktur.de\/Finanzen\/wp-json\/wp\/v2\/types\/page"}],"author":[{"embeddable":true,"href":"https:\/\/maskus-finanzmanufaktur.de\/Finanzen\/wp-json\/wp\/v2\/users\/1"}],"replies":[{"embeddable":true,"href":"https:\/\/maskus-finanzmanufaktur.de\/Finanzen\/wp-json\/wp\/v2\/comments?post=1832"}],"version-history":[{"count":25,"href":"https:\/\/maskus-finanzmanufaktur.de\/Finanzen\/wp-json\/wp\/v2\/pages\/1832\/revisions"}],"predecessor-version":[{"id":2326,"href":"https:\/\/maskus-finanzmanufaktur.de\/Finanzen\/wp-json\/wp\/v2\/pages\/1832\/revisions\/2326"}],"wp:attachment":[{"href":"https:\/\/maskus-finanzmanufaktur.de\/Finanzen\/wp-json\/wp\/v2\/media?parent=1832"}],"curies":[{"name":"wp","href":"https:\/\/api.w.org\/{rel}","templated":true}]}}